{"id":14,"date":"2023-12-31T20:05:40","date_gmt":"2023-12-31T20:05:40","guid":{"rendered":"https:\/\/prottienda.ar502.com\/?page_id=14"},"modified":"2025-01-23T03:55:46","modified_gmt":"2025-01-23T03:55:46","slug":"nuestra-historia","status":"publish","type":"page","link":"https:\/\/prottienda.ar502.com\/index.php\/nuestra-historia\/","title":{"rendered":"Nuestra Historia"},"content":{"rendered":"\t\t<div data-elementor-type=\"wp-page\" data-elementor-id=\"14\" class=\"elementor elementor-14\" data-elementor-post-type=\"page\">\n\t\t\t\t\t\t<section class=\"elementor-section elementor-top-section elementor-element elementor-element-727ee237 elementor-section-boxed elementor-section-height-default elementor-section-height-default\" data-id=\"727ee237\" data-element_type=\"section\" data-settings=\"{&quot;background_background&quot;:&quot;classic&quot;}\">\n\t\t\t\t\t\t\t<div class=\"elementor-background-overlay\"><\/div>\n\t\t\t\t\t\t\t<div class=\"elementor-container elementor-column-gap-default\">\n\t\t\t\t\t<div class=\"elementor-column elementor-col-50 elementor-top-column elementor-element elementor-element-2c64327f\" data-id=\"2c64327f\" data-element_type=\"column\">\n\t\t\t<div class=\"elementor-widget-wrap elementor-element-populated\">\n\t\t\t\t\t\t\t<\/div>\n\t\t<\/div>\n\t\t\t\t<div class=\"elementor-column elementor-col-50 elementor-top-column elementor-element elementor-element-1017d1c5\" data-id=\"1017d1c5\" data-element_type=\"column\">\n\t\t\t<div class=\"elementor-widget-wrap\">\n\t\t\t\t\t\t\t<\/div>\n\t\t<\/div>\n\t\t\t\t\t<\/div>\n\t\t<\/section>\n\t\t\t\t<section class=\"elementor-section elementor-top-section elementor-element elementor-element-7ede7f89 elementor-section-boxed elementor-section-height-default elementor-section-height-default\" data-id=\"7ede7f89\" data-element_type=\"section\">\n\t\t\t\t\t\t<div class=\"elementor-container elementor-column-gap-default\">\n\t\t\t\t\t<div class=\"elementor-column elementor-col-50 elementor-top-column elementor-element elementor-element-1bc4aa2d\" data-id=\"1bc4aa2d\" data-element_type=\"column\">\n\t\t\t<div class=\"elementor-widget-wrap elementor-element-populated\">\n\t\t\t\t\t\t<div class=\"elementor-element elementor-element-3a25ffaf elementor-widget elementor-widget-text-editor\" data-id=\"3a25ffaf\" data-element_type=\"widget\" data-widget_type=\"text-editor.default\">\n\t\t\t\t<div class=\"elementor-widget-container\">\n\t\t\t<style>\/*! elementor - v3.23.0 - 05-08-2024 *\/\n.elementor-widget-text-editor.elementor-drop-cap-view-stacked .elementor-drop-cap{background-color:#69727d;color:#fff}.elementor-widget-text-editor.elementor-drop-cap-view-framed .elementor-drop-cap{color:#69727d;border:3px solid;background-color:transparent}.elementor-widget-text-editor:not(.elementor-drop-cap-view-default) .elementor-drop-cap{margin-top:8px}.elementor-widget-text-editor:not(.elementor-drop-cap-view-default) .elementor-drop-cap-letter{width:1em;height:1em}.elementor-widget-text-editor .elementor-drop-cap{float:left;text-align:center;line-height:1;font-size:50px}.elementor-widget-text-editor .elementor-drop-cap-letter{display:inline-block}<\/style>\t\t\t\t<p>En Atlantis GT, nuestra pasi\u00f3n por los peces y el mundo acu\u00e1tico comenz\u00f3 hace m\u00e1s de cinco a\u00f1os, cuando decidimos convertir un sue\u00f1o en una realidad. Desde el primer d\u00eda, nuestro objetivo ha sido ofrecer la mayor variedad de peces de calidad, abarcando especies de agua dulce, salada y ex\u00f3ticas, para entusiastas y profesionales del mundo de la acuariofilia.<\/p><p>Fundada con un compromiso firme hacia la excelencia, Atlantis GT se ha posicionado como un referente en la venta de peces, ofreciendo no solo ejemplares \u00fanicos, sino tambi\u00e9n asesor\u00eda experta para el cuidado y mantenimiento de acuarios. Nuestra misi\u00f3n siempre ha sido brindar una experiencia que inspire a nuestros clientes a explorar y cuidar del maravilloso ecosistema que un acuario puede ofrecer.<\/p><p>A lo largo de los a\u00f1os, hemos construido relaciones s\u00f3lidas con criadores y proveedores de todo el mundo, lo que nos permite traer las especies m\u00e1s buscadas, desde peces ornamentales y rayas ex\u00f3ticas hasta los impresionantes arowanas y discos de colecci\u00f3n.<\/p><p>En Atlantis GT, cada detalle cuenta. Creemos que cada pez tiene una historia, y nuestro trabajo es garantizar que esa historia contin\u00fae en las manos de quienes comparten nuestra pasi\u00f3n.<\/p><p>Hoy, despu\u00e9s de cinco a\u00f1os de esfuerzo y dedicaci\u00f3n, seguimos creciendo con el compromiso de ofrecer la mejor calidad y servicio, manteniendo siempre nuestro amor por la naturaleza y su biodiversidad como nuestro motor principal.<\/p><p><strong>Atlantis GT: Donde comienza tu mundo acu\u00e1tico.<\/strong><\/p>\t\t\t\t\t\t<\/div>\n\t\t\t\t<\/div>\n\t\t\t\t\t<\/div>\n\t\t<\/div>\n\t\t\t\t<div class=\"elementor-column elementor-col-50 elementor-top-column elementor-element elementor-element-5a4914a1\" data-id=\"5a4914a1\" data-element_type=\"column\">\n\t\t\t<div class=\"elementor-widget-wrap elementor-element-populated\">\n\t\t\t\t\t\t<div class=\"elementor-element elementor-element-b5a5784 elementor-widget elementor-widget-image\" data-id=\"b5a5784\" data-element_type=\"widget\" data-widget_type=\"image.default\">\n\t\t\t\t<div class=\"elementor-widget-container\">\n\t\t\t<style>\/*! elementor - v3.23.0 - 05-08-2024 *\/\n.elementor-widget-image{text-align:center}.elementor-widget-image a{display:inline-block}.elementor-widget-image a img[src$=\".svg\"]{width:48px}.elementor-widget-image img{vertical-align:middle;display:inline-block}<\/style>\t\t\t\t\t\t\t\t\t\t<img fetchpriority=\"high\" decoding=\"async\" width=\"1024\" height=\"576\" src=\"https:\/\/prottienda.ar502.com\/wp-content\/uploads\/2025\/01\/65FB94D5-33C4-4236-858C-4ED111A5A935_1200x1200-1024x576.webp\" class=\"attachment-large size-large wp-image-506\" alt=\"\" srcset=\"https:\/\/prottienda.ar502.com\/wp-content\/uploads\/2025\/01\/65FB94D5-33C4-4236-858C-4ED111A5A935_1200x1200-1024x576.webp 1024w, https:\/\/prottienda.ar502.com\/wp-content\/uploads\/2025\/01\/65FB94D5-33C4-4236-858C-4ED111A5A935_1200x1200-300x169.webp 300w, https:\/\/prottienda.ar502.com\/wp-content\/uploads\/2025\/01\/65FB94D5-33C4-4236-858C-4ED111A5A935_1200x1200-768x432.webp 768w, https:\/\/prottienda.ar502.com\/wp-content\/uploads\/2025\/01\/65FB94D5-33C4-4236-858C-4ED111A5A935_1200x1200-600x338.webp 600w, https:\/\/prottienda.ar502.com\/wp-content\/uploads\/2025\/01\/65FB94D5-33C4-4236-858C-4ED111A5A935_1200x1200.webp 1200w\" sizes=\"(max-width: 1024px) 100vw, 1024px\" \/>\t\t\t\t\t\t\t\t\t\t\t\t\t<\/div>\n\t\t\t\t<\/div>\n\t\t\t\t\t<\/div>\n\t\t<\/div>\n\t\t\t\t\t<\/div>\n\t\t<\/section>\n\t\t\t\t<section class=\"elementor-section elementor-top-section elementor-element elementor-element-1bff171e elementor-section-boxed elementor-section-height-default elementor-section-height-default\" data-id=\"1bff171e\" data-element_type=\"section\">\n\t\t\t\t\t\t<div class=\"elementor-container elementor-column-gap-default\">\n\t\t\t\t\t<div class=\"elementor-column elementor-col-33 elementor-top-column elementor-element elementor-element-2238a809\" data-id=\"2238a809\" data-element_type=\"column\">\n\t\t\t<div class=\"elementor-widget-wrap elementor-element-populated\">\n\t\t\t\t\t\t<div class=\"elementor-element elementor-element-13e2a30e elementor-widget elementor-widget-image\" data-id=\"13e2a30e\" data-element_type=\"widget\" data-widget_type=\"image.default\">\n\t\t\t\t<div class=\"elementor-widget-container\">\n\t\t\t\t\t\t\t\t\t\t\t\t\t<img decoding=\"async\" src=\"https:\/\/prottienda.ar502.com\/wp-content\/uploads\/elementor\/thumbs\/ID_RedtailCatfish_1200x490-1200x0-c-default-r0evmge1kny1iq8bir8dci5qakw0p8l8juenru4abk.jpg\" title=\"ID_RedtailCatfish_1200x490-1200&#215;0-c-default\" alt=\"ID_RedtailCatfish_1200x490-1200x0-c-default\" loading=\"lazy\" \/>\t\t\t\t\t\t\t\t\t\t\t\t\t<\/div>\n\t\t\t\t<\/div>\n\t\t\t\t<section class=\"elementor-section elementor-inner-section elementor-element elementor-element-130860e4 elementor-section-boxed elementor-section-height-default elementor-section-height-default\" data-id=\"130860e4\" data-element_type=\"section\">\n\t\t\t\t\t\t<div class=\"elementor-container elementor-column-gap-default\">\n\t\t\t\t\t<div class=\"elementor-column elementor-col-100 elementor-inner-column elementor-element elementor-element-7074f740 elementor-hidden-desktop elementor-hidden-tablet elementor-hidden-mobile elementor-invisible\" data-id=\"7074f740\" data-element_type=\"column\" data-settings=\"{&quot;background_background&quot;:&quot;classic&quot;,&quot;animation&quot;:&quot;fadeInUp&quot;}\">\n\t\t\t<div class=\"elementor-widget-wrap elementor-element-populated\">\n\t\t\t\t\t\t<div class=\"elementor-element elementor-element-d107fc5 elementor-widget elementor-widget-heading\" data-id=\"d107fc5\" data-element_type=\"widget\" data-widget_type=\"heading.default\">\n\t\t\t\t<div class=\"elementor-widget-container\">\n\t\t\t<style>\/*! elementor - v3.23.0 - 05-08-2024 *\/\n.elementor-heading-title{padding:0;margin:0;line-height:1}.elementor-widget-heading .elementor-heading-title[class*=elementor-size-]>a{color:inherit;font-size:inherit;line-height:inherit}.elementor-widget-heading .elementor-heading-title.elementor-size-small{font-size:15px}.elementor-widget-heading .elementor-heading-title.elementor-size-medium{font-size:19px}.elementor-widget-heading .elementor-heading-title.elementor-size-large{font-size:29px}.elementor-widget-heading .elementor-heading-title.elementor-size-xl{font-size:39px}.elementor-widget-heading .elementor-heading-title.elementor-size-xxl{font-size:59px}<\/style><span class=\"elementor-heading-title elementor-size-default\">2020<\/span>\t\t<\/div>\n\t\t\t\t<\/div>\n\t\t\t\t<div class=\"elementor-element elementor-element-5c85c2f5 elementor-widget elementor-widget-heading\" data-id=\"5c85c2f5\" data-element_type=\"widget\" data-widget_type=\"heading.default\">\n\t\t\t\t<div class=\"elementor-widget-container\">\n\t\t\t<h4 class=\"elementor-heading-title elementor-size-default\">Peceras<\/h4>\t\t<\/div>\n\t\t\t\t<\/div>\n\t\t\t\t\t<\/div>\n\t\t<\/div>\n\t\t\t\t\t<\/div>\n\t\t<\/section>\n\t\t\t\t\t<\/div>\n\t\t<\/div>\n\t\t\t\t<div class=\"elementor-column elementor-col-33 elementor-top-column elementor-element elementor-element-4c99c3ad\" data-id=\"4c99c3ad\" data-element_type=\"column\">\n\t\t\t<div class=\"elementor-widget-wrap elementor-element-populated\">\n\t\t\t\t\t\t<div class=\"elementor-element elementor-element-6f721f6f elementor-widget elementor-widget-image\" data-id=\"6f721f6f\" data-element_type=\"widget\" data-widget_type=\"image.default\">\n\t\t\t\t<div class=\"elementor-widget-container\">\n\t\t\t\t\t\t\t\t\t\t\t\t\t<img decoding=\"async\" src=\"https:\/\/prottienda.ar502.com\/wp-content\/uploads\/elementor\/thumbs\/Blue_Discus-r0evo8b2hedjg7nh5iv02212os4z8nmzgmroenhikg.jpg\" title=\"Blue_Discus\" alt=\"Blue_Discus\" loading=\"lazy\" \/>\t\t\t\t\t\t\t\t\t\t\t\t\t<\/div>\n\t\t\t\t<\/div>\n\t\t\t\t<section class=\"elementor-section elementor-inner-section elementor-element elementor-element-64eeb878 elementor-section-boxed elementor-section-height-default elementor-section-height-default\" data-id=\"64eeb878\" data-element_type=\"section\">\n\t\t\t\t\t\t<div class=\"elementor-container elementor-column-gap-default\">\n\t\t\t\t\t<div class=\"elementor-column elementor-col-100 elementor-inner-column elementor-element elementor-element-305e3795 elementor-hidden-desktop elementor-hidden-tablet elementor-hidden-mobile elementor-invisible\" data-id=\"305e3795\" data-element_type=\"column\" data-settings=\"{&quot;background_background&quot;:&quot;classic&quot;,&quot;animation&quot;:&quot;fadeInUp&quot;}\">\n\t\t\t<div class=\"elementor-widget-wrap elementor-element-populated\">\n\t\t\t\t\t\t<div class=\"elementor-element elementor-element-22404208 elementor-widget elementor-widget-heading\" data-id=\"22404208\" data-element_type=\"widget\" data-widget_type=\"heading.default\">\n\t\t\t\t<div class=\"elementor-widget-container\">\n\t\t\t<span class=\"elementor-heading-title elementor-size-default\">2020<\/span>\t\t<\/div>\n\t\t\t\t<\/div>\n\t\t\t\t<div class=\"elementor-element elementor-element-14ffdda6 elementor-widget elementor-widget-heading\" data-id=\"14ffdda6\" data-element_type=\"widget\" data-widget_type=\"heading.default\">\n\t\t\t\t<div class=\"elementor-widget-container\">\n\t\t\t<h4 class=\"elementor-heading-title elementor-size-default\">acuarios<\/h4>\t\t<\/div>\n\t\t\t\t<\/div>\n\t\t\t\t\t<\/div>\n\t\t<\/div>\n\t\t\t\t\t<\/div>\n\t\t<\/section>\n\t\t\t\t\t<\/div>\n\t\t<\/div>\n\t\t\t\t<div class=\"elementor-column elementor-col-33 elementor-top-column elementor-element elementor-element-666b5beb\" data-id=\"666b5beb\" data-element_type=\"column\">\n\t\t\t<div class=\"elementor-widget-wrap elementor-element-populated\">\n\t\t\t\t\t\t<div class=\"elementor-element elementor-element-3afb685d elementor-widget elementor-widget-image\" data-id=\"3afb685d\" data-element_type=\"widget\" data-widget_type=\"image.default\">\n\t\t\t\t<div class=\"elementor-widget-container\">\n\t\t\t\t\t\t\t\t\t\t\t\t\t<img decoding=\"async\" src=\"https:\/\/prottienda.ar502.com\/wp-content\/uploads\/elementor\/thumbs\/E86F74CA-9F2C-45C6-B426-35BAD0B89457_1080x-r0evmeid6zvgvib1tqf47imt3t5a9udrvl3ota72o0.webp\" title=\"E86F74CA-9F2C-45C6-B426-35BAD0B89457_1080x\" alt=\"E86F74CA-9F2C-45C6-B426-35BAD0B89457_1080x\" loading=\"lazy\" \/>\t\t\t\t\t\t\t\t\t\t\t\t\t<\/div>\n\t\t\t\t<\/div>\n\t\t\t\t<section class=\"elementor-section elementor-inner-section elementor-element elementor-element-ebab4c6 elementor-section-boxed elementor-section-height-default elementor-section-height-default\" data-id=\"ebab4c6\" data-element_type=\"section\">\n\t\t\t\t\t\t<div class=\"elementor-container elementor-column-gap-default\">\n\t\t\t\t\t<div class=\"elementor-column elementor-col-100 elementor-inner-column elementor-element elementor-element-2d41faac elementor-hidden-desktop elementor-hidden-tablet elementor-hidden-mobile elementor-invisible\" data-id=\"2d41faac\" data-element_type=\"column\" data-settings=\"{&quot;background_background&quot;:&quot;classic&quot;,&quot;animation&quot;:&quot;fadeInUp&quot;}\">\n\t\t\t<div class=\"elementor-widget-wrap elementor-element-populated\">\n\t\t\t\t\t\t<div class=\"elementor-element elementor-element-577be807 elementor-widget elementor-widget-heading\" data-id=\"577be807\" data-element_type=\"widget\" data-widget_type=\"heading.default\">\n\t\t\t\t<div class=\"elementor-widget-container\">\n\t\t\t<span class=\"elementor-heading-title elementor-size-default\">2020<\/span>\t\t<\/div>\n\t\t\t\t<\/div>\n\t\t\t\t<div class=\"elementor-element elementor-element-3b0e533e elementor-widget elementor-widget-heading\" data-id=\"3b0e533e\" data-element_type=\"widget\" data-widget_type=\"heading.default\">\n\t\t\t\t<div class=\"elementor-widget-container\">\n\t\t\t<h4 class=\"elementor-heading-title elementor-size-default\">Peces<\/h4>\t\t<\/div>\n\t\t\t\t<\/div>\n\t\t\t\t\t<\/div>\n\t\t<\/div>\n\t\t\t\t\t<\/div>\n\t\t<\/section>\n\t\t\t\t\t<\/div>\n\t\t<\/div>\n\t\t\t\t\t<\/div>\n\t\t<\/section>\n\t\t\t\t<\/div>\n\t\t","protected":false},"excerpt":{"rendered":"<p>En Atlantis GT, nuestra pasi\u00f3n por los peces y el mundo acu\u00e1tico comenz\u00f3 hace m\u00e1s de cinco a\u00f1os, cuando decidimos convertir un sue\u00f1o en una realidad. Desde el primer d\u00eda, nuestro objetivo ha sido ofrecer la mayor variedad de peces de calidad, abarcando especies de agua dulce, salada y ex\u00f3ticas, para entusiastas y profesionales del [&hellip;]<\/p>\n","protected":false},"author":1,"featured_media":0,"parent":0,"menu_order":0,"comment_status":"closed","ping_status":"closed","template":"","meta":{"site-sidebar-layout":"no-sidebar","site-content-layout":"","ast-site-content-layout":"full-width-container","site-content-style":"default","site-sidebar-style":"default","ast-global-header-display":"","ast-banner-title-visibility":"","ast-main-header-display":"","ast-hfb-above-header-display":"","ast-hfb-below-header-display":"","ast-hfb-mobile-header-display":"","site-post-title":"disabled","ast-breadcrumbs-content":"","ast-featured-img":"disabled","footer-sml-layout":"","theme-transparent-header-meta":"","adv-header-id-meta":"","stick-header-meta":"","header-above-stick-meta":"","header-main-stick-meta":"","header-below-stick-meta":"","astra-migrate-meta-layouts":"default","ast-page-background-enabled":"default","ast-page-background-meta":{"desktop":{"background-color":"var(--ast-global-color-4)","background-image":"","background-repeat":"repeat","background-position":"center center","background-size":"auto","background-attachment":"scroll","background-type":"","background-media":"","overlay-type":"","overlay-color":"","overlay-opacity":"","overlay-gradient":""},"tablet":{"background-color":"","background-image":"","background-repeat":"repeat","background-position":"center center","background-size":"auto","background-attachment":"scroll","background-type":"","background-media":"","overlay-type":"","overlay-color":"","overlay-opacity":"","overlay-gradient":""},"mobile":{"background-color":"","background-image":"","background-repeat":"repeat","background-position":"center center","background-size":"auto","background-attachment":"scroll","background-type":"","background-media":"","overlay-type":"","overlay-color":"","overlay-opacity":"","overlay-gradient":""}},"ast-content-background-meta":{"desktop":{"background-color":"var(--ast-global-color-5)","background-image":"","background-repeat":"repeat","background-position":"center center","background-size":"auto","background-attachment":"scroll","background-type":"","background-media":"","overlay-type":"","overlay-color":"","overlay-opacity":"","overlay-gradient":""},"tablet":{"background-color":"var(--ast-global-color-5)","background-image":"","background-repeat":"repeat","background-position":"center center","background-size":"auto","background-attachment":"scroll","background-type":"","background-media":"","overlay-type":"","overlay-color":"","overlay-opacity":"","overlay-gradient":""},"mobile":{"background-color":"var(--ast-global-color-5)","background-image":"","background-repeat":"repeat","background-position":"center center","background-size":"auto","background-attachment":"scroll","background-type":"","background-media":"","overlay-type":"","overlay-color":"","overlay-opacity":"","overlay-gradient":""}},"footnotes":""},"class_list":["post-14","page","type-page","status-publish","hentry"],"_links":{"self":[{"href":"https:\/\/prottienda.ar502.com\/index.php\/wp-json\/wp\/v2\/pages\/14","targetHints":{"allow":["GET"]}}],"collection":[{"href":"https:\/\/prottienda.ar502.com\/index.php\/wp-json\/wp\/v2\/pages"}],"about":[{"href":"https:\/\/prottienda.ar502.com\/index.php\/wp-json\/wp\/v2\/types\/page"}],"author":[{"embeddable":true,"href":"https:\/\/prottienda.ar502.com\/index.php\/wp-json\/wp\/v2\/users\/1"}],"replies":[{"embeddable":true,"href":"https:\/\/prottienda.ar502.com\/index.php\/wp-json\/wp\/v2\/comments?post=14"}],"version-history":[{"count":20,"href":"https:\/\/prottienda.ar502.com\/index.php\/wp-json\/wp\/v2\/pages\/14\/revisions"}],"predecessor-version":[{"id":517,"href":"https:\/\/prottienda.ar502.com\/index.php\/wp-json\/wp\/v2\/pages\/14\/revisions\/517"}],"wp:attachment":[{"href":"https:\/\/prottienda.ar502.com\/index.php\/wp-json\/wp\/v2\/media?parent=14"}],"curies":[{"name":"wp","href":"https:\/\/api.w.org\/{rel}","templated":true}]}}